{"id":314,"date":"2021-03-21T05:15:13","date_gmt":"2021-03-21T05:15:13","guid":{"rendered":"http:\/\/artimuebles.com.pe\/?page_id=314"},"modified":"2021-03-25T03:51:04","modified_gmt":"2021-03-25T03:51:04","slug":"lockers","status":"publish","type":"page","link":"https:\/\/artimuebles.com.pe\/index.php\/lockers\/","title":{"rendered":"Lockers"},"content":{"rendered":"\n<blockquote class=\"wp-block-quote has-text-align-center\"><p><strong>Ideal para Empresas, Mineras, Construcci\u00f3n, Restaurantes. Mant\u00e9n el orden y seguridad es clave para tu negocio. Cont\u00e1ctanos ! \u00a1D\u00e9janos tus Datos!<\/strong><\/p><\/blockquote>\n\n\n\n<figure class=\"wp-block-gallery columns-2 is-cropped wp-block-gallery-1 is-layout-flex wp-block-gallery-is-layout-flex\"><ul class=\"blocks-gallery-grid\"><li class=\"blocks-gallery-item\"><figure><img loading=\"lazy\" decoding=\"async\" width=\"805\" height=\"665\" src=\"http:\/\/artimuebles.com.pe\/wp-content\/uploads\/2021\/03\/2-8.jpg\" alt=\"\" data-id=\"318\" data-full-url=\"http:\/\/artimuebles.com.pe\/wp-content\/uploads\/2021\/03\/2-8.jpg\" data-link=\"http:\/\/artimuebles.com.pe\/index.php\/2021\/03\/21\/lockers\/2-8\/\" class=\"wp-image-318\" srcset=\"https:\/\/artimuebles.com.pe\/wp-content\/uploads\/2021\/03\/2-8.jpg 805w, https:\/\/artimuebles.com.pe\/wp-content\/uploads\/2021\/03\/2-8-300x248.jpg 300w, https:\/\/artimuebles.com.pe\/wp-content\/uploads\/2021\/03\/2-8-768x634.jpg 768w\" sizes=\"(max-width: 805px) 100vw, 805px\" \/><\/figure><\/li><li class=\"blocks-gallery-item\"><figure><img loading=\"lazy\" decoding=\"async\" width=\"797\" height=\"455\" src=\"http:\/\/artimuebles.com.pe\/wp-content\/uploads\/2021\/03\/1-8.jpg\" alt=\"\" data-id=\"317\" data-full-url=\"http:\/\/artimuebles.com.pe\/wp-content\/uploads\/2021\/03\/1-8.jpg\" data-link=\"http:\/\/artimuebles.com.pe\/index.php\/2021\/03\/21\/lockers\/1-8\/\" class=\"wp-image-317\" srcset=\"https:\/\/artimuebles.com.pe\/wp-content\/uploads\/2021\/03\/1-8.jpg 797w, https:\/\/artimuebles.com.pe\/wp-content\/uploads\/2021\/03\/1-8-300x171.jpg 300w, https:\/\/artimuebles.com.pe\/wp-content\/uploads\/2021\/03\/1-8-768x438.jpg 768w\" sizes=\"(max-width: 797px) 100vw, 797px\" \/><\/figure><\/li><\/ul><\/figure>\n\n\n\n<h2 class=\"has-text-align-center wp-block-heading\">Solicita tus Consultas y Cotizaciones <\/h2>\n\n\n\n<div class=\"wp-block-contact-form-7-contact-form-selector\"><div role=\"form\" class=\"wpcf7\" id=\"wpcf7-f57-o1\" lang=\"es-PE\" dir=\"ltr\">\n<div class=\"screen-reader-response\"><p role=\"status\" aria-live=\"polite\" aria-atomic=\"true\"><\/p> <ul><\/ul><\/div>\n<form action=\"\/index.php\/wp-json\/wp\/v2\/pages\/314#wpcf7-f57-o1\" method=\"post\" class=\"wpcf7-form init\" novalidate=\"novalidate\" data-status=\"init\">\n<div style=\"display: none;\">\n<input type=\"hidden\" name=\"_wpcf7\" value=\"57\" \/>\n<input type=\"hidden\" name=\"_wpcf7_version\" value=\"5.4\" \/>\n<input type=\"hidden\" name=\"_wpcf7_locale\" value=\"es_PE\" \/>\n<input type=\"hidden\" name=\"_wpcf7_unit_tag\" value=\"wpcf7-f57-o1\" \/>\n<input type=\"hidden\" name=\"_wpcf7_container_post\" value=\"0\" \/>\n<input type=\"hidden\" name=\"_wpcf7_posted_data_hash\" value=\"\" \/>\n<\/div>\n<p><label> Tu Nombre<br \/>\n    <span class=\"wpcf7-form-control-wrap your-name\"><input type=\"text\" name=\"your-name\" value=\"\" size=\"40\" class=\"wpcf7-form-control wpcf7-text wpcf7-validates-as-required\" aria-required=\"true\" aria-invalid=\"false\" \/><\/span> <\/label><\/p>\n<p><label> Tu Correo<br \/>\n    <span class=\"wpcf7-form-control-wrap your-email\"><input type=\"email\" name=\"your-email\" value=\"\" size=\"40\" class=\"wpcf7-form-control wpcf7-text wpcf7-email wpcf7-validates-as-required wpcf7-validates-as-email\" aria-required=\"true\" aria-invalid=\"false\" \/><\/span> <\/label><\/p>\n<p><label> Asunto<br \/>\n    <span class=\"wpcf7-form-control-wrap your-subject\"><input type=\"text\" name=\"your-subject\" value=\"\" size=\"40\" class=\"wpcf7-form-control wpcf7-text wpcf7-validates-as-required\" aria-required=\"true\" aria-invalid=\"false\" \/><\/span> <\/label><\/p>\n<p><label> Tu Mensaje (optional)<br \/>\n    <span class=\"wpcf7-form-control-wrap your-message\"><textarea name=\"your-message\" cols=\"40\" rows=\"10\" class=\"wpcf7-form-control wpcf7-textarea\" aria-invalid=\"false\"><\/textarea><\/span> <\/label><\/p>\n<p><input type=\"submit\" value=\"Enviar\" class=\"wpcf7-form-control wpcf7-submit\" \/><\/p>\n<div class=\"wpcf7-response-output\" aria-hidden=\"true\"><\/div><\/form><\/div><\/div>\n","protected":false},"excerpt":{"rendered":"<p>Ideal para Empresas, Mineras, Construcci\u00f3n, Restaurantes. Mant\u00e9n el orden y seguridad es clave para tu negocio. Cont\u00e1ctanos ! \u00a1D\u00e9janos tus Datos! Solicita tus Consultas y Cotizaciones<\/p>\n","protected":false},"author":1,"featured_media":0,"parent":0,"menu_order":0,"comment_status":"closed","ping_status":"closed","template":"","meta":{"footnotes":""},"_links":{"self":[{"href":"https:\/\/artimuebles.com.pe\/index.php\/wp-json\/wp\/v2\/pages\/314"}],"collection":[{"href":"https:\/\/artimuebles.com.pe\/index.php\/wp-json\/wp\/v2\/pages"}],"about":[{"href":"https:\/\/artimuebles.com.pe\/index.php\/wp-json\/wp\/v2\/types\/page"}],"author":[{"embeddable":true,"href":"https:\/\/artimuebles.com.pe\/index.php\/wp-json\/wp\/v2\/users\/1"}],"replies":[{"embeddable":true,"href":"https:\/\/artimuebles.com.pe\/index.php\/wp-json\/wp\/v2\/comments?post=314"}],"version-history":[{"count":5,"href":"https:\/\/artimuebles.com.pe\/index.php\/wp-json\/wp\/v2\/pages\/314\/revisions"}],"predecessor-version":[{"id":395,"href":"https:\/\/artimuebles.com.pe\/index.php\/wp-json\/wp\/v2\/pages\/314\/revisions\/395"}],"wp:attachment":[{"href":"https:\/\/artimuebles.com.pe\/index.php\/wp-json\/wp\/v2\/media?parent=314"}],"curies":[{"name":"wp","href":"https:\/\/api.w.org\/{rel}","templated":true}]}}